{"id":7225,"date":"2012-02-17T14:23:23","date_gmt":"2012-02-17T13:23:23","guid":{"rendered":"http:\/\/blog.viciente.at\/?page_id=7225"},"modified":"2026-04-02T18:27:02","modified_gmt":"2026-04-02T16:27:02","slug":"spenden","status":"publish","type":"page","link":"https:\/\/blog.viciente.at\/front\/spenden\/","title":{"rendered":"Spende"},"content":{"rendered":"\n<h3 class=\"wp-block-heading has-text-align-center\">GEBEN und NEHMEN ist das Kosmische Prinzip des Austausches.<\/h3>\n\n\n\n<p class=\"has-text-align-center\">Ich stelle auf meinen Webseiten eine grosse F\u00fclle von interessanten und essenziellen Informationen bedingungslos zur Verf\u00fcgung. Es steht Dir, lieber Surfer, frei, einen entsprechenden materiellen Gegenwert f\u00fcr die Sch\u00e4tze, die durch mich weitergegeben werden, zur\u00fcckfliessen zu lassen. Weil ich mit dem Prinzip der Bedingungslosigkeit arbeite, ist die Entscheidung des R\u00fcckflusses immer bei dem, der sich bedient. Du alleine entscheidest prim\u00e4r nach Deinen materiellen M\u00f6glichkeiten und nach Deiner Wertsch\u00e4tzung \u00fcber den Gegenwert.<\/p>\n\n\n\n<p class=\"has-text-align-center\"><strong>Der Betrieb einer Webseite kostet Geld. Um die Webseite weiter f\u00fchren zu k\u00f6nnen, bitte ich, auch wenn es nur mit kleinen Betr\u00e4gen ist (2 Euro, 5 Euro, 10 Euro, 20 Euro,..), die Arbeit weiterhin zu erm\u00f6glichen.<\/strong><\/p>\n\n\n\n<h3 class=\"wp-block-heading has-text-align-center\">BITTE UNTERST\u00dcTZEN SIE MICH<\/h3>\n\n\n\n<p class=\"has-text-align-center\"><strong>Anweisungen dieser Betr\u00e4ge k\u00f6nnen per PayPal oder Bank\u00fcberweisung stattfinden:<\/strong><\/p>\n\n\n\n<h1 class=\"wp-block-heading has-text-align-center\">PayPal<\/h1>\n\n\n\n<div class=\"wp-block-group is-content-justification-center is-layout-flex wp-container-core-group-is-layout-64b26803 wp-block-group-is-layout-flex\">\n<div class=\"wp-block-columns is-layout-flex wp-container-core-columns-is-layout-9d6595d7 wp-block-columns-is-layout-flex\">\n<div class=\"wp-block-column is-layout-flow wp-block-column-is-layout-flow\">\n<h2 class=\"wp-block-heading\">QR-Code scannen<\/h2>\n\n\n\n<div class=\"wp-block-media-text is-stacked-on-mobile\"><figure class=\"wp-block-media-text__media\"><img decoding=\"async\" data-src=\"https:\/\/mediathek.viciente.at\/wp-content\/uploads\/2025\/07\/paypal-trinkgeldkasse-604x1024.jpg\" alt=\"\" class=\"wp-image-181780 size-full lazyload\" src=\"data:image\/svg+xml;base64,PHN2ZyB3aWR0aD0iMSIgaGVpZ2h0PSIxIiB4bWxucz0iaHR0cDovL3d3dy53My5vcmcvMjAwMC9zdmciPjwvc3ZnPg==\" style=\"--smush-placeholder-width: 604px; --smush-placeholder-aspect-ratio: 604\/1024;\" \/><\/figure><div class=\"wp-block-media-text__content\">\n<p><strong>und ganz einfach auch kleine Betr\u00e4ge spenden<\/strong><\/p>\n\n\n\n<p><strong>2 Euro, 5 Euro, 10 Euro, 20 Euro, &#8230;<\/strong><\/p>\n<\/div><\/div>\n<\/div>\n\n\n\n<div class=\"wp-block-column is-layout-flow wp-block-column-is-layout-flow\">\n<p class=\"has-text-align-center\"><strong>Oder<\/strong> direkt mit PayPal, auch <strong>mit Kreditkarte<\/strong> m\u00f6glich!<\/p>\n\n\n\n<p class=\"has-text-align-center\"><strong><a href=\"https:\/\/www.paypal.com\/donate\/?hosted_button_id=XVZ4ZH3649AZC\">SPENDE mit PayPal<\/a><\/strong><\/p>\n\n\n<div class=\"wp-block-image\">\n<figure class=\"aligncenter size-full\"><a href=\"https:\/\/www.paypal.com\/donate\/?hosted_button_id=XVZ4ZH3649AZC\"><img decoding=\"async\" data-src=\"https:\/\/mediathek.viciente.at\/wp-content\/uploads\/2025\/07\/paypal.png\" alt=\"\" class=\"wp-image-183105 lazyload\" src=\"data:image\/svg+xml;base64,PHN2ZyB3aWR0aD0iMSIgaGVpZ2h0PSIxIiB4bWxucz0iaHR0cDovL3d3dy53My5vcmcvMjAwMC9zdmciPjwvc3ZnPg==\" \/><\/a><\/figure>\n<\/div><\/div>\n\n\n\n<div class=\"wp-block-column is-layout-flow wp-block-column-is-layout-flow\">\n<h4 class=\"wp-block-heading has-text-align-center\">Monatliche Spende<\/h4>\n\n\n\n<p class=\"has-text-align-center\"><strong>Oder<\/strong> Sie machen eine <strong>Spende mit 5 Euro oder mehr<\/strong>, die sie jeden Monat <strong>automatisch<\/strong> mit PayPal oder Kreditkarte zahlen. <strong>Jederzeit k\u00fcndbar!<\/strong><\/p>\n\n\n\n<div id=\"paypal-button-container-P-4X860139JH5157023NB2RESA\"><\/div>\r\n<script src=\"https:\/\/www.paypal.com\/sdk\/js?client-id=AYh_0K-E9g4jgIiv_j8ThnOFvsMtv0PPgMxrYXZL50uW3WihtNib3U18M0MTEdoWbuXfA0rbVVpnQBY5&#038;vault=true&#038;intent=subscription\" data-sdk-integration-source=\"button-factory\"><\/script>\r\n<script>\r\n  paypal.Buttons({\r\n      style: {\r\n          shape: 'rect',\r\n          color: 'gold',\r\n          layout: 'vertical',\r\n          label: 'subscribe'\r\n      },\r\n      createSubscription: function(data, actions) {\r\n        return actions.subscription.create({\r\n          \/* Creates the subscription *\/\r\n          plan_id: 'P-4X860139JH5157023NB2RESA'\r\n        });\r\n      },\r\n      onApprove: function(data, actions) {\r\n        alert(data.subscriptionID); \/\/ You can add optional success message for the subscriber here\r\n      }\r\n  }).render('#paypal-button-container-P-4X860139JH5157023NB2RESA'); \/\/ Renders the PayPal button\r\n<\/script>\n<\/div>\n<\/div>\n<\/div>\n\n\n\n<div style=\"height:10px\" aria-hidden=\"true\" class=\"wp-block-spacer\"><\/div>\n\n\n\n<hr class=\"wp-block-separator alignwide has-alpha-channel-opacity\"\/>\n\n\n\n<div style=\"height:10px\" aria-hidden=\"true\" class=\"wp-block-spacer\"><\/div>\n\n\n\n<h1 class=\"wp-block-heading has-text-align-center\">BANK\u00dcBERWEISUNG<\/h1>\n\n\n\n<p class=\"has-text-align-center\">Kontoinhaber: Ursula Pumberger<br>Bank: Oberbank Rohrbach \u00d6sterreich<br>IBAN: AT15 1500 9006 7102 1061<br>BIC\/SWIFT: OBKLAT2L<br><strong>Verwendungszweck: Newsletter \/ Spende<\/strong><\/p>\n\n\n\n<hr class=\"wp-block-separator alignwide has-alpha-channel-opacity\"\/>\n\n\n\n<h1 class=\"wp-block-heading has-text-align-center\"><strong><mark style=\"background-color:rgba(0, 0, 0, 0)\" class=\"has-inline-color has-luminous-vivid-amber-color\">Herzlichen Dank an alle Unterst\u00fctzer !!!<\/mark><\/strong><\/h1>\n\n\n\n<hr class=\"wp-block-separator alignwide has-alpha-channel-opacity\"\/>\n\n\n\n<div style=\"height:30px\" aria-hidden=\"true\" class=\"wp-block-spacer\"><\/div>\n","protected":false},"excerpt":{"rendered":"<p>GEBEN und NEHMEN ist das Kosmische Prinzip des Austausches. Ich stelle auf meinen Webseiten eine grosse F\u00fclle von interessanten und essenziellen Informationen bedingungslos zur Verf\u00fcgung. Es steht Dir, lieber Surfer, frei, einen entsprechenden materiellen Gegenwert f\u00fcr die Sch\u00e4tze, die durch mich weitergegeben werden, zur\u00fcckfliessen zu lassen. Weil ich mit dem Prinzip der Bedingungslosigkeit arbeite, ist [&hellip;]<\/p>\n","protected":false},"author":2,"featured_media":0,"parent":0,"menu_order":0,"comment_status":"closed","ping_status":"closed","template":"","meta":{"ocean_post_layout":"full-width","ocean_both_sidebars_style":"","ocean_both_sidebars_content_width":0,"ocean_both_sidebars_sidebars_width":0,"ocean_sidebar":"","ocean_second_sidebar":"","ocean_disable_margins":"enable","ocean_add_body_class":"","ocean_shortcode_before_top_bar":"","ocean_shortcode_after_top_bar":"","ocean_shortcode_before_header":"","ocean_shortcode_after_header":"","ocean_has_shortcode":"","ocean_shortcode_after_title":"","ocean_shortcode_before_footer_widgets":"","ocean_shortcode_after_footer_widgets":"","ocean_shortcode_before_footer_bottom":"","ocean_shortcode_after_footer_bottom":"","ocean_display_top_bar":"default","ocean_display_header":"default","ocean_header_style":"","ocean_center_header_left_menu":"","ocean_custom_header_template":"","ocean_custom_logo":0,"ocean_custom_retina_logo":0,"ocean_custom_logo_max_width":0,"ocean_custom_logo_tablet_max_width":0,"ocean_custom_logo_mobile_max_width":0,"ocean_custom_logo_max_height":0,"ocean_custom_logo_tablet_max_height":0,"ocean_custom_logo_mobile_max_height":0,"ocean_header_custom_menu":"","ocean_menu_typo_font_family":"","ocean_menu_typo_font_subset":"","ocean_menu_typo_font_size":0,"ocean_menu_typo_font_size_tablet":0,"ocean_menu_typo_font_size_mobile":0,"ocean_menu_typo_font_size_unit":"px","ocean_menu_typo_font_weight":"","ocean_menu_typo_font_weight_tablet":"","ocean_menu_typo_font_weight_mobile":"","ocean_menu_typo_transform":"","ocean_menu_typo_transform_tablet":"","ocean_menu_typo_transform_mobile":"","ocean_menu_typo_line_height":0,"ocean_menu_typo_line_height_tablet":0,"ocean_menu_typo_line_height_mobile":0,"ocean_menu_typo_line_height_unit":"","ocean_menu_typo_spacing":0,"ocean_menu_typo_spacing_tablet":0,"ocean_menu_typo_spacing_mobile":0,"ocean_menu_typo_spacing_unit":"","ocean_menu_link_color":"","ocean_menu_link_color_hover":"","ocean_menu_link_color_active":"","ocean_menu_link_background":"","ocean_menu_link_hover_background":"","ocean_menu_link_active_background":"","ocean_menu_social_links_bg":"","ocean_menu_social_hover_links_bg":"","ocean_menu_social_links_color":"","ocean_menu_social_hover_links_color":"","ocean_disable_title":"default","ocean_disable_heading":"default","ocean_post_title":"","ocean_post_subheading":"","ocean_post_title_style":"","ocean_post_title_background_color":"","ocean_post_title_background":0,"ocean_post_title_bg_image_position":"","ocean_post_title_bg_image_attachment":"","ocean_post_title_bg_image_repeat":"","ocean_post_title_bg_image_size":"","ocean_post_title_height":0,"ocean_post_title_bg_overlay":0.5,"ocean_post_title_bg_overlay_color":"","ocean_disable_breadcrumbs":"default","ocean_breadcrumbs_color":"","ocean_breadcrumbs_separator_color":"","ocean_breadcrumbs_links_color":"","ocean_breadcrumbs_links_hover_color":"","ocean_display_footer_widgets":"default","ocean_display_footer_bottom":"default","ocean_custom_footer_template":"","footnotes":""},"class_list":["post-7225","page","type-page","status-publish","hentry","entry"],"_links":{"self":[{"href":"https:\/\/blog.viciente.at\/front\/wp-json\/wp\/v2\/pages\/7225","targetHints":{"allow":["GET"]}}],"collection":[{"href":"https:\/\/blog.viciente.at\/front\/wp-json\/wp\/v2\/pages"}],"about":[{"href":"https:\/\/blog.viciente.at\/front\/wp-json\/wp\/v2\/types\/page"}],"author":[{"embeddable":true,"href":"https:\/\/blog.viciente.at\/front\/wp-json\/wp\/v2\/users\/2"}],"replies":[{"embeddable":true,"href":"https:\/\/blog.viciente.at\/front\/wp-json\/wp\/v2\/comments?post=7225"}],"version-history":[{"count":0,"href":"https:\/\/blog.viciente.at\/front\/wp-json\/wp\/v2\/pages\/7225\/revisions"}],"wp:attachment":[{"href":"https:\/\/blog.viciente.at\/front\/wp-json\/wp\/v2\/media?parent=7225"}],"curies":[{"name":"wp","href":"https:\/\/api.w.org\/{rel}","templated":true}]}}