{"id":18832,"date":"2024-03-03T13:37:44","date_gmt":"2024-03-03T13:37:44","guid":{"rendered":"https:\/\/blog.viciente.at\/?page_id=18832"},"modified":"2026-03-20T17:34:42","modified_gmt":"2026-03-20T16:34:42","slug":"impressum","status":"publish","type":"page","link":"https:\/\/blog.viciente.at\/front\/impressum\/","title":{"rendered":"Impressum"},"content":{"rendered":"\n<hr class=\"wp-block-separator alignwide has-alpha-channel-opacity\"\/>\n\n\n\n<ul class=\"wp-block-social-links is-layout-flex wp-block-social-links-is-layout-flex\"><li class=\"wp-social-link wp-social-link-gravatar  wp-block-social-link\"><a rel=\"me\" href=\"https:\/\/gravatar.com\/taleluminousfda0aedf64\" class=\"wp-block-social-link-anchor\"><svg width=\"24\" height=\"24\" viewBox=\"0 0 24 24\" version=\"1.1\" xmlns=\"http:\/\/www.w3.org\/2000\/svg\" aria-hidden=\"true\" focusable=\"false\"><path d=\"M10.8001 4.69937V10.6494C10.8001 11.1001 10.9791 11.5323 11.2978 11.851C11.6165 12.1697 12.0487 12.3487 12.4994 12.3487C12.9501 12.3487 13.3824 12.1697 13.7011 11.851C14.0198 11.5323 14.1988 11.1001 14.1988 10.6494V6.69089C15.2418 7.05861 16.1371 7.75537 16.7496 8.67617C17.3622 9.59698 17.6589 10.6919 17.595 11.796C17.5311 12.9001 17.1101 13.9535 16.3954 14.7975C15.6807 15.6415 14.711 16.2303 13.6325 16.4753C12.5541 16.7202 11.4252 16.608 10.4161 16.1555C9.40691 15.703 8.57217 14.9348 8.03763 13.9667C7.50308 12.9985 7.29769 11.8828 7.45242 10.7877C7.60714 9.69266 8.11359 8.67755 8.89545 7.89537C9.20904 7.57521 9.38364 7.14426 9.38132 6.69611C9.37899 6.24797 9.19994 5.81884 8.88305 5.50195C8.56616 5.18506 8.13704 5.00601 7.68889 5.00369C7.24075 5.00137 6.80979 5.17597 6.48964 5.48956C5.09907 6.8801 4.23369 8.7098 4.04094 10.6669C3.84819 12.624 4.34 14.5873 5.43257 16.2224C6.52515 17.8575 8.15088 19.0632 10.0328 19.634C11.9146 20.2049 13.9362 20.1055 15.753 19.3529C17.5699 18.6003 19.0695 17.241 19.9965 15.5066C20.9234 13.7722 21.2203 11.7701 20.8366 9.84133C20.4528 7.91259 19.4122 6.17658 17.892 4.92911C16.3717 3.68163 14.466 2.99987 12.4994 3C12.0487 3 11.6165 3.17904 11.2978 3.49773C10.9791 3.81643 10.8001 4.24867 10.8001 4.69937Z\" \/><\/svg><span class=\"wp-block-social-link-label screen-reader-text\">Gravatar<\/span><\/a><\/li><\/ul>\n\n\n\n<figure class=\"wp-block-table\"><table><tbody><tr><td><a href=\"http:\/\/blog.viciente.at\/wp-content\/uploads\/2017\/04\/logo320.png\"><img decoding=\"async\" class=\"aligncenter size-full wp-image-9136 lazyload\" data-src=\"http:\/\/blog.viciente.at\/wp-content\/uploads\/2017\/04\/logo320.png\" alt=\"\" width=\"320\" height=\"320\" data-srcset=\"https:\/\/blog.viciente.at\/wp-content\/uploads\/2017\/04\/logo320.png 320w, https:\/\/blog.viciente.at\/wp-content\/uploads\/2017\/04\/logo320-300x300.png 300w, https:\/\/blog.viciente.at\/wp-content\/uploads\/2017\/04\/logo320-150x150.png 150w, https:\/\/blog.viciente.at\/wp-content\/uploads\/2017\/04\/logo320-230x230.png 230w, https:\/\/blog.viciente.at\/wp-content\/uploads\/2017\/04\/logo320-20x20.png 20w\" data-sizes=\"(max-width: 320px) 100vw, 320px\" src=\"data:image\/svg+xml;base64,PHN2ZyB3aWR0aD0iMSIgaGVpZ2h0PSIxIiB4bWxucz0iaHR0cDovL3d3dy53My5vcmcvMjAwMC9zdmciPjwvc3ZnPg==\" style=\"--smush-placeholder-width: 320px; --smush-placeholder-aspect-ratio: 320\/320;\" \/><\/a><\/td><td>\n<h4>Viciente Team<\/h4>\n<h4>4813 Altm\u00fcnster<\/h4>\n<h4>\u00d6sterreich<\/h4>\n<\/td><\/tr><tr><td>&nbsp;<\/td><td>Telefon: +43 (0) 69910014388<\/td><\/tr><tr><td>&nbsp;<\/td><td>Email: contact(at)viciente.at<\/td><\/tr><tr><td>&nbsp;<\/td><td>\n<h4>Mein Leitspruch: Der Weg ist das Ziel!<\/h4>\n<\/td><\/tr><\/tbody><\/table><\/figure>\n\n\n\n<h4 class=\"wp-block-heading\">Haftungsausschluss<\/h4>\n\n\n\n<p><strong>Haftung f\u00fcr Inhalte:<\/strong><\/p>\n\n\n\n<p>Die Inhalte unserer Seiten wurden mit gr\u00f6\u00dfter Sorgfalt erstellt. F\u00fcr die Richtigkeit, Vollst\u00e4ndigkeit und Aktualit\u00e4t der Inhalte k\u00f6nnen wir jedoch keine Gew\u00e4hr \u00fcbernehmen. Als Diensteanbieter sind wir gem\u00e4\u00df \u00a7 7 Abs.1 TMG f\u00fcr eigene Inhalte auf diesen Seiten nach den allgemeinen Gesetzen verantwortlich. Nach \u00a7\u00a7 8 bis 10 TMG sind wir als Diensteanbieter jedoch nicht verpflichtet, \u00fcbermittelte oder gespeicherte fremde Informationen zu \u00fcberwachen oder nach Umst\u00e4nden zu forschen, die auf eine rechtswidrige T\u00e4tigkeit hinweisen. Verpflichtungen zur Entfernung oder Sperrung der Nutzung von Informationen nach den allgemeinen Gesetzen bleiben hiervon unber\u00fchrt. Eine diesbez\u00fcgliche Haftung ist jedoch erst ab dem Zeitpunkt der Kenntnis einer konkreten Rechtsverletzung m\u00f6glich. Bei Bekanntwerden von entsprechenden Rechtsverletzungen werden wir diese Inhalte umgehend entfernen.<\/p>\n\n\n\n<p>Die Nutzung und \u00dcberpr\u00fcfung der Informationen liegt im alleinigen&nbsp;Verantwortungsbereich des Nutzers.<\/p>\n\n\n\n<p>Der Betreiber dieser Website ist weder Arzt noch Mediziner und bietet seine Informationen nicht als gesundheitliche Beratung an. Die Informationen stellen keine Beratung des einzelnen Benutzers und keine medizinischen Fachinformationen dar. Die dargestellten Informationen k\u00f6nnen daher den individuellen Rat oder Behandlung eines Arztes oder Heilpraktikers nicht ersetzen. Es wird dringend davon abgeraten, die angebotenen Informationen als Selbstbehandlungshinweise zu benutzen. Im Erkrankungsfall ist auf alle F\u00e4lle ein Arzt oder Heilpraktiker aufzusuchen.<\/p>\n\n\n\n<p>Der Betreiber distanziert sich zudem von allen Kommentaren, \u00c4u\u00dferungen oder Zitaten anderer, welche einen beleidigenden, unerw\u00fcnschten oder volksverhetzenden Charakter besitzen oder ansatzweise besitzen k\u00f6nnten.<\/p>\n\n\n\n<p><strong>Haftung f\u00fcr Links:<\/strong><\/p>\n\n\n\n<p>Unser Angebot enth\u00e4lt Links zu externen Webseiten Dritter, auf deren Inhalte wir keinen Einfluss haben. Deshalb k\u00f6nnen wir f\u00fcr diese fremden Inhalte auch keine Gew\u00e4hr \u00fcbernehmen. F\u00fcr die Inhalte der verlinkten Seiten ist stets der jeweilige Anbieter oder Betreiber der Seiten verantwortlich. Die verlinkten Seiten wurden zum Zeitpunkt der Verlinkung auf m\u00f6gliche Rechtsverst\u00f6\u00dfe \u00fcberpr\u00fcft. Rechtswidrige Inhalte waren zum Zeitpunkt der Verlinkung nicht erkennbar. Eine permanente inhaltliche Kontrolle der verlinkten Seiten ist jedoch ohne konkrete Anhaltspunkte einer Rechtsverletzung nicht zumutbar. Bei Bekanntwerden von Rechtsverletzungen werden wir derartige Links umgehend entfernen.<\/p>\n\n\n\n<p><strong>Urheberrecht:<\/strong><\/p>\n\n\n\n<p>Die durch die Seitenbetreiber erstellten Inhalte und Werke auf diesen Seiten unterliegen dem deutschen Urheberrecht. Die Vervielf\u00e4ltigung, Bearbeitung, Verbreitung und jede Art der Verwertung au\u00dferhalb der Grenzen des Urheberrechtes bed\u00fcrfen der schriftlichen Zustimmung des jeweiligen Autors bzw. Erstellers. Downloads und Kopien dieser Seite sind nur f\u00fcr den privaten, nicht kommerziellen Gebrauch gestattet. Soweit die Inhalte auf dieser Seite nicht vom Betreiber erstellt wurden, werden die Urheberrechte Dritter beachtet. Insbesondere werden Inhalte Dritter als solche gekennzeichnet. Sollten Sie trotzdem auf eine Urheberrechtsverletzung aufmerksam werden, bitten wir um einen entsprechenden Hinweis. Bei Bekanntwerden von Rechtsverletzungen werden wir derartige Inhalte umgehend entfernen.<\/p>\n\n\n\n<h2 class=\"wp-block-heading\"><a href=\"https:\/\/blog.viciente.at\/front\/datenschutzrichtlinien\/\"><mark style=\"background-color:rgba(0, 0, 0, 0)\" class=\"has-inline-color has-luminous-vivid-amber-color\">DATENSCHUTZRICHTLINIEN&gt;&gt;<\/mark><\/a><\/h2>\n","protected":false},"excerpt":{"rendered":"<p>Viciente Team 4813 Altm\u00fcnster \u00d6sterreich &nbsp; Telefon: +43 (0) 69910014388 &nbsp; Email: contact(at)viciente.at &nbsp; Mein Leitspruch: Der Weg ist das Ziel! Haftungsausschluss Haftung f\u00fcr Inhalte: Die Inhalte unserer Seiten wurden mit gr\u00f6\u00dfter Sorgfalt erstellt. F\u00fcr die Richtigkeit, Vollst\u00e4ndigkeit und Aktualit\u00e4t der Inhalte k\u00f6nnen wir jedoch keine Gew\u00e4hr \u00fcbernehmen. Als Diensteanbieter sind wir gem\u00e4\u00df \u00a7 7 [&hellip;]<\/p>\n","protected":false},"author":2,"featured_media":19156,"parent":0,"menu_order":0,"comment_status":"closed","ping_status":"closed","template":"","meta":{"ocean_post_layout":"","ocean_both_sidebars_style":"","ocean_both_sidebars_content_width":0,"ocean_both_sidebars_sidebars_width":0,"ocean_sidebar":"","ocean_second_sidebar":"","ocean_disable_margins":"enable","ocean_add_body_class":"","ocean_shortcode_before_top_bar":"","ocean_shortcode_after_top_bar":"","ocean_shortcode_before_header":"","ocean_shortcode_after_header":"","ocean_has_shortcode":"","ocean_shortcode_after_title":"","ocean_shortcode_before_footer_widgets":"","ocean_shortcode_after_footer_widgets":"","ocean_shortcode_before_footer_bottom":"","ocean_shortcode_after_footer_bottom":"","ocean_display_top_bar":"default","ocean_display_header":"default","ocean_header_style":"","ocean_center_header_left_menu":"","ocean_custom_header_template":"","ocean_custom_logo":0,"ocean_custom_retina_logo":0,"ocean_custom_logo_max_width":0,"ocean_custom_logo_tablet_max_width":0,"ocean_custom_logo_mobile_max_width":0,"ocean_custom_logo_max_height":0,"ocean_custom_logo_tablet_max_height":0,"ocean_custom_logo_mobile_max_height":0,"ocean_header_custom_menu":"","ocean_menu_typo_font_family":"","ocean_menu_typo_font_subset":"","ocean_menu_typo_font_size":0,"ocean_menu_typo_font_size_tablet":0,"ocean_menu_typo_font_size_mobile":0,"ocean_menu_typo_font_size_unit":"px","ocean_menu_typo_font_weight":"","ocean_menu_typo_font_weight_tablet":"","ocean_menu_typo_font_weight_mobile":"","ocean_menu_typo_transform":"","ocean_menu_typo_transform_tablet":"","ocean_menu_typo_transform_mobile":"","ocean_menu_typo_line_height":0,"ocean_menu_typo_line_height_tablet":0,"ocean_menu_typo_line_height_mobile":0,"ocean_menu_typo_line_height_unit":"","ocean_menu_typo_spacing":0,"ocean_menu_typo_spacing_tablet":0,"ocean_menu_typo_spacing_mobile":0,"ocean_menu_typo_spacing_unit":"","ocean_menu_link_color":"","ocean_menu_link_color_hover":"","ocean_menu_link_color_active":"","ocean_menu_link_background":"","ocean_menu_link_hover_background":"","ocean_menu_link_active_background":"","ocean_menu_social_links_bg":"","ocean_menu_social_hover_links_bg":"","ocean_menu_social_links_color":"","ocean_menu_social_hover_links_color":"","ocean_disable_title":"default","ocean_disable_heading":"default","ocean_post_title":"","ocean_post_subheading":"","ocean_post_title_style":"","ocean_post_title_background_color":"","ocean_post_title_background":0,"ocean_post_title_bg_image_position":"","ocean_post_title_bg_image_attachment":"","ocean_post_title_bg_image_repeat":"","ocean_post_title_bg_image_size":"","ocean_post_title_height":0,"ocean_post_title_bg_overlay":0.5,"ocean_post_title_bg_overlay_color":"","ocean_disable_breadcrumbs":"default","ocean_breadcrumbs_color":"","ocean_breadcrumbs_separator_color":"","ocean_breadcrumbs_links_color":"","ocean_breadcrumbs_links_hover_color":"","ocean_display_footer_widgets":"default","ocean_display_footer_bottom":"default","ocean_custom_footer_template":"","footnotes":""},"class_list":["post-18832","page","type-page","status-publish","has-post-thumbnail","hentry","entry","has-media"],"_links":{"self":[{"href":"https:\/\/blog.viciente.at\/front\/wp-json\/wp\/v2\/pages\/18832","targetHints":{"allow":["GET"]}}],"collection":[{"href":"https:\/\/blog.viciente.at\/front\/wp-json\/wp\/v2\/pages"}],"about":[{"href":"https:\/\/blog.viciente.at\/front\/wp-json\/wp\/v2\/types\/page"}],"author":[{"embeddable":true,"href":"https:\/\/blog.viciente.at\/front\/wp-json\/wp\/v2\/users\/2"}],"replies":[{"embeddable":true,"href":"https:\/\/blog.viciente.at\/front\/wp-json\/wp\/v2\/comments?post=18832"}],"version-history":[{"count":0,"href":"https:\/\/blog.viciente.at\/front\/wp-json\/wp\/v2\/pages\/18832\/revisions"}],"wp:featuredmedia":[{"embeddable":true,"href":"https:\/\/blog.viciente.at\/front\/wp-json\/wp\/v2\/media\/19156"}],"wp:attachment":[{"href":"https:\/\/blog.viciente.at\/front\/wp-json\/wp\/v2\/media?parent=18832"}],"curies":[{"name":"wp","href":"https:\/\/api.w.org\/{rel}","templated":true}]}}