{"id":11519,"date":"2019-10-12T16:53:46","date_gmt":"2019-10-12T16:53:46","guid":{"rendered":"https:\/\/blog.viciente.at\/?page_id=11519"},"modified":"2025-11-28T17:38:41","modified_gmt":"2025-11-28T16:38:41","slug":"gedanken","status":"publish","type":"page","link":"https:\/\/blog.viciente.at\/front\/gedanken\/","title":{"rendered":"Gedanken"},"content":{"rendered":"\n<hr class=\"wp-block-separator alignwide has-alpha-channel-opacity\"\/>\n\n\n\n<h3 class=\"wp-block-heading\">GESUNDHEIT<\/h3>\n\n\n\n<p>Viele erleben die Hilflosigkeit der Schulmedizin und suchen nach anderen Wegen. Allerdings ist die Suche nach alternativen Heiltherapien nicht einfach. Es werden so viele verschiedene M\u00f6glichkeiten angepriesen &#8211; woher soll man wissen welche die Richtige ist. Hier ist man gezwungen einen Weg von Versuch und Irrtum zu gehen, der auch bei manchem zum Erfolg f\u00fchrt. Und aus diesem Grund sollte man auch nicht aufgeben und solange weiter suchen, bis man f\u00fcr sich das Richtige gefunden hat. Ich w\u00fcnsche allen Suchenden, dass sie vielleicht hier das Heilende im Ganzheitlichen f\u00fcr sich finden.<\/p>\n\n\n\n<h3 class=\"wp-block-heading\">WELTGESCHEHEN<\/h3>\n\n\n\n<p>Politik und Wirtschaft bescheren uns ein st\u00e4ndiges Auf und Ab. Egal wo man auf der Welt hinschaut Kriegsherde, Wirtschaftsprobleme, und viele andere noch traurigere Geschehnisse. Soll man deswegen verzweifeln? Nein, auf keinen Fall. Aber wie damit umgehen? Nun ja, eine schwierige Frage. Einige versuchen aktiv etwas zu ver\u00e4ndern, andere bereiten sich auf eine m\u00f6gliche Katastrophe vor, viele ignorieren einfach was geschieht, andere wiederum leben in st\u00e4ndiger Angst vor dem was kommen k\u00f6nnte. Hinzuschauen und versuchen im Rahmen der eigenen M\u00f6glichkeiten etwas zu unternehmen ist wahrscheinlich der beste Weg um damit umzugehen.<\/p>\n\n\n\n<h3 class=\"wp-block-heading\">SPIRITUALIT\u00c4T<\/h3>\n\n\n\n<p>Mit Spiritualit\u00e4t kann nicht jeder etwas anfangen. Wir Menschen sind nun mal Einzigartig und Vielschichtig. Allerdings scheint es tats\u00e4chlich so zu sein, dass diese Welt viel mehr in sich birgt, als wir tats\u00e4chlich sehen k\u00f6nnen. Die Wissenschaft versucht immer f\u00fcr alles Erkl\u00e4rungen zu finden &#8211; nur ist den das auch immer m\u00f6glich? Lehrt uns doch die Geschichte, dass schon so vieles revidiert werden musste. Gibt es ein Leben nach dem Tod? Gibt es Geister? Schlummert in uns noch viel mehr Potential auf das wir jetzt noch nicht zugreifen k\u00f6nnen? Auf jeden Fall sollten wir f\u00fcr alles offen bleiben, denn wer wei\u00df was uns die Zukunft noch so alles, heute unerkl\u00e4rliches offenbart.\u00a0<\/p>\n","protected":false},"excerpt":{"rendered":"<p>GESUNDHEIT Viele erleben die Hilflosigkeit der Schulmedizin und suchen nach anderen Wegen. Allerdings ist die Suche nach alternativen Heiltherapien nicht einfach. Es werden so viele verschiedene M\u00f6glichkeiten angepriesen &#8211; woher soll man wissen welche die Richtige ist. Hier ist man gezwungen einen Weg von Versuch und Irrtum zu gehen, der auch bei manchem zum Erfolg [&hellip;]<\/p>\n","protected":false},"author":2,"featured_media":0,"parent":0,"menu_order":0,"comment_status":"closed","ping_status":"closed","template":"","meta":{"ocean_post_layout":"right-sidebar","ocean_both_sidebars_style":"","ocean_both_sidebars_content_width":0,"ocean_both_sidebars_sidebars_width":0,"ocean_sidebar":"ocs-sidebar-spende","ocean_second_sidebar":"","ocean_disable_margins":"enable","ocean_add_body_class":"","ocean_shortcode_before_top_bar":"","ocean_shortcode_after_top_bar":"","ocean_shortcode_before_header":"","ocean_shortcode_after_header":"","ocean_has_shortcode":"","ocean_shortcode_after_title":"","ocean_shortcode_before_footer_widgets":"","ocean_shortcode_after_footer_widgets":"","ocean_shortcode_before_footer_bottom":"","ocean_shortcode_after_footer_bottom":"","ocean_display_top_bar":"default","ocean_display_header":"default","ocean_header_style":"","ocean_center_header_left_menu":"","ocean_custom_header_template":"","ocean_custom_logo":0,"ocean_custom_retina_logo":0,"ocean_custom_logo_max_width":0,"ocean_custom_logo_tablet_max_width":0,"ocean_custom_logo_mobile_max_width":0,"ocean_custom_logo_max_height":0,"ocean_custom_logo_tablet_max_height":0,"ocean_custom_logo_mobile_max_height":0,"ocean_header_custom_menu":"","ocean_menu_typo_font_family":"","ocean_menu_typo_font_subset":"","ocean_menu_typo_font_size":0,"ocean_menu_typo_font_size_tablet":0,"ocean_menu_typo_font_size_mobile":0,"ocean_menu_typo_font_size_unit":"px","ocean_menu_typo_font_weight":"","ocean_menu_typo_font_weight_tablet":"","ocean_menu_typo_font_weight_mobile":"","ocean_menu_typo_transform":"","ocean_menu_typo_transform_tablet":"","ocean_menu_typo_transform_mobile":"","ocean_menu_typo_line_height":0,"ocean_menu_typo_line_height_tablet":0,"ocean_menu_typo_line_height_mobile":0,"ocean_menu_typo_line_height_unit":"","ocean_menu_typo_spacing":0,"ocean_menu_typo_spacing_tablet":0,"ocean_menu_typo_spacing_mobile":0,"ocean_menu_typo_spacing_unit":"","ocean_menu_link_color":"","ocean_menu_link_color_hover":"","ocean_menu_link_color_active":"","ocean_menu_link_background":"","ocean_menu_link_hover_background":"","ocean_menu_link_active_background":"","ocean_menu_social_links_bg":"","ocean_menu_social_hover_links_bg":"","ocean_menu_social_links_color":"","ocean_menu_social_hover_links_color":"","ocean_disable_title":"default","ocean_disable_heading":"default","ocean_post_title":"","ocean_post_subheading":"","ocean_post_title_style":"","ocean_post_title_background_color":"","ocean_post_title_background":0,"ocean_post_title_bg_image_position":"","ocean_post_title_bg_image_attachment":"","ocean_post_title_bg_image_repeat":"","ocean_post_title_bg_image_size":"","ocean_post_title_height":0,"ocean_post_title_bg_overlay":0.5,"ocean_post_title_bg_overlay_color":"","ocean_disable_breadcrumbs":"default","ocean_breadcrumbs_color":"","ocean_breadcrumbs_separator_color":"","ocean_breadcrumbs_links_color":"","ocean_breadcrumbs_links_hover_color":"","ocean_display_footer_widgets":"default","ocean_display_footer_bottom":"default","ocean_custom_footer_template":"","footnotes":""},"class_list":["post-11519","page","type-page","status-publish","hentry","entry"],"_links":{"self":[{"href":"https:\/\/blog.viciente.at\/front\/wp-json\/wp\/v2\/pages\/11519","targetHints":{"allow":["GET"]}}],"collection":[{"href":"https:\/\/blog.viciente.at\/front\/wp-json\/wp\/v2\/pages"}],"about":[{"href":"https:\/\/blog.viciente.at\/front\/wp-json\/wp\/v2\/types\/page"}],"author":[{"embeddable":true,"href":"https:\/\/blog.viciente.at\/front\/wp-json\/wp\/v2\/users\/2"}],"replies":[{"embeddable":true,"href":"https:\/\/blog.viciente.at\/front\/wp-json\/wp\/v2\/comments?post=11519"}],"version-history":[{"count":0,"href":"https:\/\/blog.viciente.at\/front\/wp-json\/wp\/v2\/pages\/11519\/revisions"}],"wp:attachment":[{"href":"https:\/\/blog.viciente.at\/front\/wp-json\/wp\/v2\/media?parent=11519"}],"curies":[{"name":"wp","href":"https:\/\/api.w.org\/{rel}","templated":true}]}}